{"id":317,"date":"2021-05-12T22:06:55","date_gmt":"2021-05-13T01:06:55","guid":{"rendered":"https:\/\/dietagostosa.com.br\/a1\/?page_id=317"},"modified":"2021-05-12T22:13:22","modified_gmt":"2021-05-13T01:13:22","slug":"termodeuso","status":"publish","type":"page","link":"https:\/\/dietagostosa.com.br\/a1\/index.php\/termodeuso\/","title":{"rendered":"Termo de Uso"},"content":{"rendered":"\t\t<div data-elementor-type=\"wp-page\" data-elementor-id=\"317\" class=\"elementor elementor-317\" data-elementor-settings=\"[]\">\n\t\t\t\t\t\t<div class=\"elementor-inner\">\n\t\t\t\t\t\t\t<div class=\"elementor-section-wrap\">\n\t\t\t\t\t\t\t<section class=\"has_ma_el_bg_slider elementor-section elementor-top-section elementor-element elementor-element-9f67e52 elementor-section-boxed elementor-section-height-default elementor-section-height-default\" data-id=\"9f67e52\" data-element_type=\"section\" data-settings=\"{&quot;background_background&quot;:&quot;classic&quot;}\">\n\t\t\t\t\t\t<div class=\"elementor-container elementor-column-gap-default\">\n\t\t\t\t\t\t\t<div class=\"elementor-row\">\n\t\t\t\t\t<div class=\"has_ma_el_bg_slider elementor-column elementor-col-100 elementor-top-column elementor-element elementor-element-8b14d3a\" data-id=\"8b14d3a\" data-element_type=\"column\">\n\t\t\t<div class=\"elementor-column-wrap elementor-element-populated\">\n\t\t\t\t\t\t\t<div class=\"elementor-widget-wrap\">\n\t\t\t\t\t\t<div class=\"elementor-element elementor-element-68df9ac elementor-invisible elementor-widget elementor-widget-image\" data-id=\"68df9ac\" data-element_type=\"widget\" data-settings=\"{&quot;_animation&quot;:&quot;fadeInDown&quot;}\" data-widget_type=\"image.default\">\n\t\t\t\t<div class=\"elementor-widget-container\">\n\t\t\t\t\t<div class=\"elementor-image\">\n\t\t\t\t\t\t\t\t\t\t<img width=\"331\" height=\"26\" src=\"https:\/\/dietagostosa.com.br\/a1\/wp-content\/uploads\/2021\/05\/dietas2.png\" class=\"attachment-large size-large\" alt=\"\" loading=\"lazy\" srcset=\"https:\/\/dietagostosa.com.br\/a1\/wp-content\/uploads\/2021\/05\/dietas2.png 331w, https:\/\/dietagostosa.com.br\/a1\/wp-content\/uploads\/2021\/05\/dietas2-300x24.png 300w\" sizes=\"(max-width: 331px) 100vw, 331px\" style=\"width:100%;height:7.85%;max-width:331px;\" \/>\t\t\t\t\t\t\t\t\t\t\t<\/div>\n\t\t\t\t<\/div>\n\t\t\t\t<\/div>\n\t\t\t\t\t\t<\/div>\n\t\t\t\t\t<\/div>\n\t\t<\/div>\n\t\t\t\t\t\t\t\t<\/div>\n\t\t\t\t\t<\/div>\n\t\t<\/section>\n\t\t\t\t<section class=\"has_ma_el_bg_slider elementor-section elementor-top-section elementor-element elementor-element-6f2e500 elementor-section-height-min-height elementor-section-boxed elementor-section-height-default elementor-section-items-middle elementor-invisible\" data-id=\"6f2e500\" data-element_type=\"section\" data-settings=\"{&quot;background_background&quot;:&quot;classic&quot;,&quot;animation&quot;:&quot;fadeInLeft&quot;}\">\n\t\t\t\t\t\t<div class=\"elementor-container elementor-column-gap-default\">\n\t\t\t\t\t\t\t<div class=\"elementor-row\">\n\t\t\t\t\t<div class=\"has_ma_el_bg_slider elementor-column elementor-col-100 elementor-top-column elementor-element elementor-element-0d735b3\" data-id=\"0d735b3\" data-element_type=\"column\">\n\t\t\t<div class=\"elementor-column-wrap elementor-element-populated\">\n\t\t\t\t\t\t\t<div class=\"elementor-widget-wrap\">\n\t\t\t\t\t\t<div class=\"elementor-element elementor-element-e9c6ed0 elementor-invisible elementor-widget elementor-widget-heading\" data-id=\"e9c6ed0\" data-element_type=\"widget\" data-settings=\"{&quot;_animation&quot;:&quot;zoomInUp&quot;,&quot;_animation_mobile&quot;:&quot;zoomInUp&quot;}\" data-widget_type=\"heading.default\">\n\t\t\t\t<div class=\"elementor-widget-container\">\n\t\t\t<h2 class=\"elementor-heading-title elementor-size-default\">Termo de Uso<\/h2>\t\t<\/div>\n\t\t\t\t<\/div>\n\t\t\t\t\t\t<\/div>\n\t\t\t\t\t<\/div>\n\t\t<\/div>\n\t\t\t\t\t\t\t\t<\/div>\n\t\t\t\t\t<\/div>\n\t\t<\/section>\n\t\t\t\t<section class=\"has_ma_el_bg_slider elementor-section elementor-top-section elementor-element elementor-element-cc3f2a7 elementor-section-boxed elementor-section-height-default elementor-section-height-default\" data-id=\"cc3f2a7\" data-element_type=\"section\" data-settings=\"{&quot;background_background&quot;:&quot;classic&quot;}\">\n\t\t\t\t\t\t<div class=\"elementor-container elementor-column-gap-default\">\n\t\t\t\t\t\t\t<div class=\"elementor-row\">\n\t\t\t\t\t<div class=\"has_ma_el_bg_slider elementor-column elementor-col-100 elementor-top-column elementor-element elementor-element-bd4bb5f\" data-id=\"bd4bb5f\" data-element_type=\"column\">\n\t\t\t<div class=\"elementor-column-wrap elementor-element-populated\">\n\t\t\t\t\t\t\t<div class=\"elementor-widget-wrap\">\n\t\t\t\t\t\t<div class=\"elementor-element elementor-element-871fdde elementor-widget elementor-widget-text-editor\" data-id=\"871fdde\" data-element_type=\"widget\" data-widget_type=\"text-editor.default\">\n\t\t\t\t<div class=\"elementor-widget-container\">\n\t\t\t\t\t<div class=\"elementor-text-editor elementor-clearfix\"><p>Estes termos de servi\u00e7o regulam o uso deste site. Ao acess\u00e1-lo voc\u00ea concorda com estes termos. Por favor, consulte regularmente os nossos termos de servi\u00e7o.<\/p><p>\u00a0<\/p><p>O website Dieta Gostosa: Doces \u00e9 um servi\u00e7o interativo oferecido em por meio de p\u00e1gina eletr\u00f4nica na internet que oferece Dieta Gostosa: Doces a partir da integra\u00e7\u00e3o de diversas fontes de informa\u00e7\u00e3o. O acesso ao Dieta Gostosa: Doces representa a aceita\u00e7\u00e3o expressa e irrestrita dos termos de uso abaixo descritos. Se voc\u00ea n\u00e3o concorda com os termos, por favor, n\u00e3o acesse nem utilize este website.<\/p><p>\u00a0<\/p><p>O visitante poder\u00e1 usar este site apenas para finalidades l\u00edcitas. Este espa\u00e7o n\u00e3o poder\u00e1 ser utilizado para publicar, enviar, distribuir ou divulgar conte\u00fado ou informa\u00e7\u00e3o de car\u00e1ter difamat\u00f3rio, obsceno ou il\u00edcito, inclusive informa\u00e7\u00f5es de propriedade exclusiva pertencentes a outras pessoas ou empresas, bem como marcas registradas ou informa\u00e7\u00f5es protegidas por direitos autorais, sem a expressa autoriza\u00e7\u00e3o do detentor desses direitos. Ainda, o visitante n\u00e3o poder\u00e1 usar o site Dieta Gostosa: Doces para obter ou divulgar informa\u00e7\u00f5es pessoais, inclusive endere\u00e7os na Internet, sobre os usu\u00e1rios do site.<\/p><p>\u00a0<\/p><p>O Dieta Gostosa: Doces empenha-se em manter a qualidade, atualidade e autenticidade das informa\u00e7\u00f5es do site, mas seus criadores e colaboradores n\u00e3o se responsabilizam por eventuais falhas nos servi\u00e7os ou inexatid\u00e3o das informa\u00e7\u00f5es oferecidas. O usu\u00e1rio n\u00e3o deve ter como pressuposto que tais servi\u00e7os e informa\u00e7\u00f5es s\u00e3o isentos de erros ou ser\u00e3o adequados aos seus objetivos particulares.\u00a0<\/p><p>\u00a0<\/p><p>Os criadores e colaboradores tampouco assumem o compromisso de atualizar as informa\u00e7\u00f5es, e reservam-se o direito de alterar as condi\u00e7\u00f5es de uso ou pre\u00e7os dos servi\u00e7os e produtos oferecidos no site a qualquer momento.<\/p><p>\u00a0<\/p><p>O acesso ao site Dieta Gostosa: Doces \u00e9 gratuito. O Dieta Gostosa: Doces poder\u00e1 criar \u00e1reas de acesso exclusivo aos seus clientes ou para terceiros especialmente autorizados.<\/p><p>\u00a0<\/p><p>Os criadores e colaboradores do Dieta Gostosa: Doces poder\u00e3o a seu exclusivo crit\u00e9rio e em qualquer tempo, modificar ou desativar o site, bem como limitar, cancelar ou suspender seu uso ou o acesso. Tamb\u00e9m estes Termos de Uso poder\u00e3o ser alterados a qualquer tempo. Visite regularmente esta p\u00e1gina e consulte os Termos ent\u00e3o vigentes. Algumas disposi\u00e7\u00f5es destes Termos podem ser substitu\u00eddas por termos ou avisos legais expressos localizados em determinadas p\u00e1ginas deste site.<\/p><p>\u00a0<\/p><h4>Erros e falhas<\/h4><p>Os documentos, informa\u00e7\u00f5es, imagens e gr\u00e1ficos publicados neste site podem conter imprecis\u00f5es t\u00e9cnicas ou erros tipogr\u00e1ficos. Em nenhuma hip\u00f3tese o Dieta Gostosa: Doces e\/ou seus respectivos fornecedores ser\u00e3o respons\u00e1veis por qualquer dano direto ou indireto decorrente da impossibilidade de uso, perda de dados ou lucros, resultante do acesso e desempenho do site, dos servi\u00e7os oferecidos ou de informa\u00e7\u00f5es dispon\u00edveis neste site. O acesso aos servi\u00e7os, materiais, informa\u00e7\u00f5es e facilidades contidas neste website n\u00e3o garante a sua qualidade.<\/p><p>\u00a0<\/p><h4>Limita\u00e7\u00e3o da responsabilidade<\/h4><p>Os materiais s\u00e3o fornecidos neste website sem nenhuma garantia expl\u00edcita ou impl\u00edcita de comercializa\u00e7\u00e3o ou adequa\u00e7\u00e3o a qualquer objetivo espec\u00edfico. Em nenhum caso o Dieta Gostosa: Doces ou os seus colaboradores ser\u00e3o responsabilizados por quaisquer danos, incluindo lucros cessantes, interrup\u00e7\u00e3o de neg\u00f3cio, ou perda de informa\u00e7\u00e3o que resultem do uso ou da incapacidade de usar os materiais. Dieta Gostosa: Doces n\u00e3o garante a precis\u00e3o ou integridade das informa\u00e7\u00f5es, textos, gr\u00e1ficos, links e outros itens dos materiais.<\/p><p>\u00a0<\/p><p>O Dieta Gostosa: Doces n\u00e3o se responsabiliza pelo conte\u00fado dos artigos e informa\u00e7\u00f5es aqui publicadas, uma vez que os textos s\u00e3o de autoria de terceiros e n\u00e3o traduzem, necessariamente, a opini\u00e3o do website.<\/p><p>O Dieta Gostosa: Doces tampouco \u00e9 respons\u00e1vel pela viola\u00e7\u00e3o de direitos autorais decorrente de informa\u00e7\u00f5es, documentos e materiais publicados neste website, comprometendo-se a retir\u00e1-los do ar assim que notificado da infra\u00e7\u00e3o.<\/p><p>\u00a0<\/p><h4>Informa\u00e7\u00f5es enviadas pelos usu\u00e1rios e colaboradores<\/h4><p>Qualquer material, informa\u00e7\u00e3o, artigos ou outras comunica\u00e7\u00f5es que forem transmitidas, enviadas ou publicadas neste site ser\u00e3o considerados informa\u00e7\u00e3o n\u00e3o confidencial, e qualquer viola\u00e7\u00e3o aos direitos dos seus criadores n\u00e3o ser\u00e1 de responsabilidade do Dieta Gostosa: Doces. \u00c9 terminantemente proibido transmitir, trocar ou publicar, atrav\u00e9s deste website, qualquer material de cunho obsceno, difamat\u00f3rio ou ilegal, bem como textos ou cria\u00e7\u00f5es de terceiros sem a autoriza\u00e7\u00e3o do autor. Dieta Gostosa: Doces reserva-se o direito de restringir o acesso \u00e0s informa\u00e7\u00f5es enviadas por terceiros aos seus usu\u00e1rios.<\/p><p>\u00a0<\/p><p>O Dieta Gostosa: Doces poder\u00e1, mas n\u00e3o \u00e9 obrigado, a monitorar, revistar e restringir o acesso a qualquer \u00e1rea no site onde usu\u00e1rios transmitem e trocam informa\u00e7\u00f5es entre si, incluindo, mas n\u00e3o limitado a, salas de chat, centro de mensagens ou outros f\u00f3runs de debates, podendo retirar do ar ou retirar o acesso a qualquer destas informa\u00e7\u00f5es ou comunica\u00e7\u00f5es. Por\u00e9m, o Dieta Gostosa: Doces n\u00e3o \u00e9 respons\u00e1vel pelo conte\u00fado de qualquer uma das informa\u00e7\u00f5es trocadas entre os usu\u00e1rios, sejam elas l\u00edcitas ou il\u00edcitas.<\/p><p>\u00a0<\/p><h4>Links para sites de terceiros<\/h4><p>Os sites apontados n\u00e3o est\u00e3o sob o controle do Dieta Gostosa: Doces que n\u00e3o \u00e9 respons\u00e1vel pelo conte\u00fado de qualquer outro website indicado ou acessado por meio do Dieta Gostosa: Doces reserva-se o direito de eliminar qualquer link ou direcionamento a outros sites ou servi\u00e7os a qualquer momento. O Dieta Gostosa: Doces n\u00e3o endossa firmas ou produtos indicados, acessados ou divulgados atrav\u00e9s deste website, tampouco pelos an\u00fancios aqui publicados, reservando-se o direito de publicar este alerta em suas p\u00e1ginas eletr\u00f4nicas sempre que considerar necess\u00e1rio.<\/p><p>\u00a0<\/p><h4>Direitos autorais e propriedade intelectual<\/h4><p>Os documentos, conte\u00fados e cria\u00e7\u00f5es contidos neste website pertencem aos seus criadores e colaboradores. A autoria dos conte\u00fado, material e imagens exibidos no Dieta Gostosa: Doces \u00e9 protegida por leis nacionais e internacionais. N\u00e3o podem ser copiados, reproduzidos, modificados, publicados, atualizados, postados, transmitidos ou distribu\u00eddos de qualquer maneira sem autoriza\u00e7\u00e3o pr\u00e9via e por escrito do Dieta Gostosa: Doces.<\/p><p>\u00a0<\/p><p>As imagens contidas neste website s\u00e3o aqui incorporadas apenas para fins de visualiza\u00e7\u00e3o, e, salvo autoriza\u00e7\u00e3o expressa por escrito, n\u00e3o podem ser gravadas ou baixadas via download. A reprodu\u00e7\u00e3o ou armazenamento de materiais recuperados a partir deste servi\u00e7o sujeitar\u00e1 os infratores \u00e0s penas da lei.<\/p><p>O nome do site Dieta Gostosa: Doces, seu logotipo, o nome de dom\u00ednio para acesso na Internet, bem como todos os elementos caracter\u00edsticos da tecnologia desenvolvida e aqui apresentada, sob a forma da articula\u00e7\u00e3o de bases de dados, constituem marcas registradas e propriedades intelectuais privadas e todos os direitos decorrentes de seu registro s\u00e3o assegurados por lei. Alguns direitos de uso podem ser cedidos por Dieta Gostosa: Doces em contrato ou licen\u00e7a especial, que pode ser cancelada a qualquer momento se n\u00e3o cumpridos os seus termos.<\/p><p>\u00a0<\/p><p>As marcas registradas do Dieta Gostosa: Doces s\u00f3 podem ser usadas publicamente com autoriza\u00e7\u00e3o expressa. O uso destas marcas registradas em publicidade e promo\u00e7\u00e3o de produtos deve ser adequadamente informado.<\/p><p>\u00a0<\/p><h4>Reclama\u00e7\u00f5es sobre viola\u00e7\u00e3o de direitos autorais<\/h4><p>O Dieta Gostosa: Doces respeita a propriedade intelectual de outras pessoas ou empresas e solicitamos aos nossos membros que fa\u00e7am o mesmo. Toda e qualquer viola\u00e7\u00e3o de direitos autorais dever\u00e1 ser notificada ao Dieta Gostosa: Doces e acompanhada dos documentos e informa\u00e7\u00f5es que confirmam a autoria. A notifica\u00e7\u00e3o poder\u00e1 ser enviada pelos e-mails constantes do site ou via postal para o endere\u00e7o do site.<\/p><p>\u00a0<\/p><h4>Leis aplic\u00e1veis<\/h4><p>Este site \u00e9 controlado e operado pelo Dieta Gostosa: Doces e n\u00e3o garante que o conte\u00fado ou materiais estejam dispon\u00edveis para uso em outras localidades. Seu acesso \u00e9 proibido em territ\u00f3rios onde o conte\u00fado seja considerado ilegal. Aqueles que optarem por acessar este site a partir de outras localidades o far\u00e3o por iniciativa pr\u00f3pria e ser\u00e3o respons\u00e1veis pelo cumprimento das leis locais aplic\u00e1veis. Os materiais n\u00e3o dever\u00e3o ser usados ou exportados em descumprimento das leis brasileiras sobre exporta\u00e7\u00e3o. Qualquer pend\u00eancia com rela\u00e7\u00e3o aos materiais ser\u00e1 dirimida pelas leis brasileiras. O acesso ao Dieta Gostosa: Doces representa a aceita\u00e7\u00e3o expressa e irrestrita dos termos de uso acima descritos.<\/p><p>\u00a0<\/p><p style=\"text-align: center;\"><strong>\u00a9Copyright 2019-2021 &#8211; Dieta Gostosa: Doces \u00ae Todos os Direitos<\/strong><\/p><\/div>\n\t\t\t\t<\/div>\n\t\t\t\t<\/div>\n\t\t\t\t\t\t<\/div>\n\t\t\t\t\t<\/div>\n\t\t<\/div>\n\t\t\t\t\t\t\t\t<\/div>\n\t\t\t\t\t<\/div>\n\t\t<\/section>\n\t\t\t\t<section class=\"has_ma_el_bg_slider elementor-section elementor-top-section elementor-element elementor-element-ccaec01 elementor-section-boxed elementor-section-height-default elementor-section-height-default\" data-id=\"ccaec01\" data-element_type=\"section\" data-settings=\"{&quot;background_background&quot;:&quot;classic&quot;}\">\n\t\t\t\t\t\t<div class=\"elementor-container elementor-column-gap-default\">\n\t\t\t\t\t\t\t<div class=\"elementor-row\">\n\t\t\t\t\t<div class=\"has_ma_el_bg_slider elementor-column elementor-col-50 elementor-top-column elementor-element elementor-element-6a2719a\" data-id=\"6a2719a\" data-element_type=\"column\">\n\t\t\t<div class=\"elementor-column-wrap elementor-element-populated\">\n\t\t\t\t\t\t\t<div class=\"elementor-widget-wrap\">\n\t\t\t\t\t\t<div class=\"elementor-element elementor-element-da23788 elementor-invisible elementor-widget elementor-widget-image\" data-id=\"da23788\" data-element_type=\"widget\" data-settings=\"{&quot;_animation&quot;:&quot;zoomInUp&quot;}\" data-widget_type=\"image.default\">\n\t\t\t\t<div class=\"elementor-widget-container\">\n\t\t\t\t\t<div class=\"elementor-image\">\n\t\t\t\t\t\t\t\t\t\t<img width=\"300\" height=\"82\" src=\"https:\/\/dietagostosa.com.br\/a1\/wp-content\/uploads\/2021\/05\/SINEPURE-0-300x82-1.png\" class=\"attachment-large size-large\" alt=\"\" loading=\"lazy\" style=\"width:100%;height:27.33%;max-width:300px;\" \/>\t\t\t\t\t\t\t\t\t\t\t<\/div>\n\t\t\t\t<\/div>\n\t\t\t\t<\/div>\n\t\t\t\t\t\t<\/div>\n\t\t\t\t\t<\/div>\n\t\t<\/div>\n\t\t\t\t<div class=\"has_ma_el_bg_slider elementor-column elementor-col-50 elementor-top-column elementor-element elementor-element-cfb43a3\" data-id=\"cfb43a3\" data-element_type=\"column\">\n\t\t\t<div class=\"elementor-column-wrap elementor-element-populated\">\n\t\t\t\t\t\t\t<div class=\"elementor-widget-wrap\">\n\t\t\t\t\t\t<div data-jltma-wrapper-link=\"{&quot;url&quot;:&quot;https:\\\/\\\/dietagostosa.com.br\\\/a1\\\/index.php\\\/politica-de-privacidade\\\/&quot;,&quot;is_external&quot;:&quot;&quot;,&quot;nofollow&quot;:&quot;&quot;,&quot;custom_attributes&quot;:&quot;&quot;}\" style=\"cursor: pointer\" class=\"elementor-element elementor-element-4df9f78 elementor-widget elementor-widget-text-editor\" data-id=\"4df9f78\" data-element_type=\"widget\" data-widget_type=\"text-editor.default\">\n\t\t\t\t<div class=\"elementor-widget-container\">\n\t\t\t\t\t<div class=\"elementor-text-editor elementor-clearfix\"><p>Pol\u00edtica de Privacidade<\/p><\/div>\n\t\t\t\t<\/div>\n\t\t\t\t<\/div>\n\t\t\t\t<div class=\"elementor-element elementor-element-0ef48e3 elementor-widget elementor-widget-text-editor\" data-id=\"0ef48e3\" data-element_type=\"widget\" data-widget_type=\"text-editor.default\">\n\t\t\t\t<div class=\"elementor-widget-container\">\n\t\t\t\t\t<div class=\"elementor-text-editor elementor-clearfix\"><p>Contato: contato@dietagostosa.com.br<\/p><\/div>\n\t\t\t\t<\/div>\n\t\t\t\t<\/div>\n\t\t\t\t\t\t<\/div>\n\t\t\t\t\t<\/div>\n\t\t<\/div>\n\t\t\t\t\t\t\t\t<\/div>\n\t\t\t\t\t<\/div>\n\t\t<\/section>\n\t\t\t\t\t\t<\/div>\n\t\t\t\t\t\t<\/div>\n\t\t\t\t\t<\/div>\n\t\t","protected":false},"excerpt":{"rendered":"<p>Termo de Uso Estes termos de servi\u00e7o regulam o uso deste site. Ao acess\u00e1-lo voc\u00ea concorda com estes termos. Por favor, consulte regularmente os nossos termos de servi\u00e7o. \u00a0 O website Dieta Gostosa: Doces \u00e9 um servi\u00e7o interativo oferecido em por meio de p\u00e1gina eletr\u00f4nica na internet que oferece Dieta Gostosa: Doces a partir da&hellip; <a class=\"more-link\" href=\"https:\/\/dietagostosa.com.br\/a1\/index.php\/termodeuso\/\">Continue reading <span class=\"screen-reader-text\">Termo de Uso<\/span><\/a><\/p>\n","protected":false},"author":1,"featured_media":0,"parent":0,"menu_order":0,"comment_status":"closed","ping_status":"closed","template":"elementor_canvas","meta":{"om_disable_all_campaigns":false},"_links":{"self":[{"href":"https:\/\/dietagostosa.com.br\/a1\/index.php\/wp-json\/wp\/v2\/pages\/317"}],"collection":[{"href":"https:\/\/dietagostosa.com.br\/a1\/index.php\/wp-json\/wp\/v2\/pages"}],"about":[{"href":"https:\/\/dietagostosa.com.br\/a1\/index.php\/wp-json\/wp\/v2\/types\/page"}],"author":[{"embeddable":true,"href":"https:\/\/dietagostosa.com.br\/a1\/index.php\/wp-json\/wp\/v2\/users\/1"}],"replies":[{"embeddable":true,"href":"https:\/\/dietagostosa.com.br\/a1\/index.php\/wp-json\/wp\/v2\/comments?post=317"}],"version-history":[{"count":6,"href":"https:\/\/dietagostosa.com.br\/a1\/index.php\/wp-json\/wp\/v2\/pages\/317\/revisions"}],"predecessor-version":[{"id":325,"href":"https:\/\/dietagostosa.com.br\/a1\/index.php\/wp-json\/wp\/v2\/pages\/317\/revisions\/325"}],"wp:attachment":[{"href":"https:\/\/dietagostosa.com.br\/a1\/index.php\/wp-json\/wp\/v2\/media?parent=317"}],"curies":[{"name":"wp","href":"https:\/\/api.w.org\/{rel}","templated":true}]}}