{"id":306,"date":"2021-05-12T21:49:23","date_gmt":"2021-05-13T00:49:23","guid":{"rendered":"https:\/\/dietagostosa.com.br\/a1\/?page_id=306"},"modified":"2021-05-12T22:15:42","modified_gmt":"2021-05-13T01:15:42","slug":"politica-de-privacidade","status":"publish","type":"page","link":"https:\/\/dietagostosa.com.br\/a1\/index.php\/politica-de-privacidade\/","title":{"rendered":"Pol\u00edtica de Privacidade"},"content":{"rendered":"\t\t<div data-elementor-type=\"wp-page\" data-elementor-id=\"306\" class=\"elementor elementor-306\" data-elementor-settings=\"[]\">\n\t\t\t\t\t\t<div class=\"elementor-inner\">\n\t\t\t\t\t\t\t<div class=\"elementor-section-wrap\">\n\t\t\t\t\t\t\t<section class=\"has_ma_el_bg_slider elementor-section elementor-top-section elementor-element elementor-element-9f67e52 elementor-section-boxed elementor-section-height-default elementor-section-height-default\" data-id=\"9f67e52\" data-element_type=\"section\" data-settings=\"{&quot;background_background&quot;:&quot;classic&quot;}\">\n\t\t\t\t\t\t<div class=\"elementor-container elementor-column-gap-default\">\n\t\t\t\t\t\t\t<div class=\"elementor-row\">\n\t\t\t\t\t<div class=\"has_ma_el_bg_slider elementor-column elementor-col-100 elementor-top-column elementor-element elementor-element-8b14d3a\" data-id=\"8b14d3a\" data-element_type=\"column\">\n\t\t\t<div class=\"elementor-column-wrap elementor-element-populated\">\n\t\t\t\t\t\t\t<div class=\"elementor-widget-wrap\">\n\t\t\t\t\t\t<div class=\"elementor-element elementor-element-68df9ac elementor-invisible elementor-widget elementor-widget-image\" data-id=\"68df9ac\" data-element_type=\"widget\" data-settings=\"{&quot;_animation&quot;:&quot;fadeInDown&quot;}\" data-widget_type=\"image.default\">\n\t\t\t\t<div class=\"elementor-widget-container\">\n\t\t\t\t\t<div class=\"elementor-image\">\n\t\t\t\t\t\t\t\t\t\t<img width=\"331\" height=\"26\" src=\"https:\/\/dietagostosa.com.br\/a1\/wp-content\/uploads\/2021\/05\/dietas2.png\" class=\"attachment-large size-large\" alt=\"\" loading=\"lazy\" srcset=\"https:\/\/dietagostosa.com.br\/a1\/wp-content\/uploads\/2021\/05\/dietas2.png 331w, https:\/\/dietagostosa.com.br\/a1\/wp-content\/uploads\/2021\/05\/dietas2-300x24.png 300w\" sizes=\"(max-width: 331px) 100vw, 331px\" style=\"width:100%;height:7.85%;max-width:331px;\" \/>\t\t\t\t\t\t\t\t\t\t\t<\/div>\n\t\t\t\t<\/div>\n\t\t\t\t<\/div>\n\t\t\t\t\t\t<\/div>\n\t\t\t\t\t<\/div>\n\t\t<\/div>\n\t\t\t\t\t\t\t\t<\/div>\n\t\t\t\t\t<\/div>\n\t\t<\/section>\n\t\t\t\t<section class=\"has_ma_el_bg_slider elementor-section elementor-top-section elementor-element elementor-element-6f2e500 elementor-section-height-min-height elementor-section-boxed elementor-section-height-default elementor-section-items-middle elementor-invisible\" data-id=\"6f2e500\" data-element_type=\"section\" data-settings=\"{&quot;background_background&quot;:&quot;classic&quot;,&quot;animation&quot;:&quot;fadeInLeft&quot;}\">\n\t\t\t\t\t\t<div class=\"elementor-container elementor-column-gap-default\">\n\t\t\t\t\t\t\t<div class=\"elementor-row\">\n\t\t\t\t\t<div class=\"has_ma_el_bg_slider elementor-column elementor-col-100 elementor-top-column elementor-element elementor-element-0d735b3\" data-id=\"0d735b3\" data-element_type=\"column\">\n\t\t\t<div class=\"elementor-column-wrap elementor-element-populated\">\n\t\t\t\t\t\t\t<div class=\"elementor-widget-wrap\">\n\t\t\t\t\t\t<div class=\"elementor-element elementor-element-e9c6ed0 elementor-invisible elementor-widget elementor-widget-heading\" data-id=\"e9c6ed0\" data-element_type=\"widget\" data-settings=\"{&quot;_animation&quot;:&quot;zoomInUp&quot;,&quot;_animation_mobile&quot;:&quot;zoomInUp&quot;}\" data-widget_type=\"heading.default\">\n\t\t\t\t<div class=\"elementor-widget-container\">\n\t\t\t<h2 class=\"elementor-heading-title elementor-size-default\">Pol\u00edtica de Privacidade<\/h2>\t\t<\/div>\n\t\t\t\t<\/div>\n\t\t\t\t\t\t<\/div>\n\t\t\t\t\t<\/div>\n\t\t<\/div>\n\t\t\t\t\t\t\t\t<\/div>\n\t\t\t\t\t<\/div>\n\t\t<\/section>\n\t\t\t\t<section class=\"has_ma_el_bg_slider elementor-section elementor-top-section elementor-element elementor-element-cc3f2a7 elementor-section-boxed elementor-section-height-default elementor-section-height-default\" data-id=\"cc3f2a7\" data-element_type=\"section\" data-settings=\"{&quot;background_background&quot;:&quot;classic&quot;}\">\n\t\t\t\t\t\t<div class=\"elementor-container elementor-column-gap-default\">\n\t\t\t\t\t\t\t<div class=\"elementor-row\">\n\t\t\t\t\t<div class=\"has_ma_el_bg_slider elementor-column elementor-col-100 elementor-top-column elementor-element elementor-element-bd4bb5f\" data-id=\"bd4bb5f\" data-element_type=\"column\">\n\t\t\t<div class=\"elementor-column-wrap elementor-element-populated\">\n\t\t\t\t\t\t\t<div class=\"elementor-widget-wrap\">\n\t\t\t\t\t\t<div class=\"elementor-element elementor-element-871fdde elementor-widget elementor-widget-text-editor\" data-id=\"871fdde\" data-element_type=\"widget\" data-widget_type=\"text-editor.default\">\n\t\t\t\t<div class=\"elementor-widget-container\">\n\t\t\t\t\t<div class=\"elementor-text-editor elementor-clearfix\"><p style=\"text-align: center;\">Esta Pol\u00edtica de Privacidade foi formulada com o intuito de manter a privacidade e a seguran\u00e7a das informa\u00e7\u00f5es coletadas de nossos clientes e usu\u00e1rios.<\/p><p style=\"text-align: center;\">\u00a0<\/p><p>\u00a0<\/p><p><strong>Pol\u00edtica de privacidade para Dieta Gostosa: Doces<\/strong><br \/>Todas as suas informa\u00e7\u00f5es pessoais recolhidas, ser\u00e3o usadas para o ajudar a tornar a sua visita no nosso site o mais produtiva e agrad\u00e1vel poss\u00edvel.<\/p><p>\u00a0<\/p><p>\u00a0<\/p><p>A garantia da confidencialidade dos dados pessoais dos utilizadores do nosso site \u00e9 importante para o Dieta Gostosa: Doces.<\/p><p>\u00a0<\/p><p>\u00a0<\/p><p>Todas as informa\u00e7\u00f5es pessoais relativas a membros, assinantes, clientes ou visitantes que usem o Dieta Gostosa: Doces ser\u00e3o tratadas em concord\u00e2ncia com a <strong>Lei da Prote\u00e7\u00e3o de Dados Pessoais de 26 de outubro de 1998 (Lei n.\u00ba 67\/98).<\/strong><\/p><p><strong>\u00a0<\/strong><\/p><p>A informa\u00e7\u00e3o pessoal recolhida pode incluir o seu nome, e-mail, n\u00famero de telefone e\/ou celular, morada, data de nascimento e\/ou outros.<\/p><p>\u00a0<\/p><p>\u00a0<\/p><p><strong>O uso do Dieta Gostosa<\/strong>: Doces pressup\u00f5e a aceita\u00e7\u00e3o deste Acordo de privacidade. A equipa do Dieta Gostosa: Doces reserva-se ao direito de alterar este acordo sem aviso pr\u00e9vio. Deste modo, recomendamos que consulte esta p\u00e1gina com regularidade de forma a estar sempre atualizado.<\/p><p>\u00a0<\/p><p>\u00a0<\/p><p><strong>Os an\u00fancios<\/strong><br \/>Tal como outros websites, coletamos e utilizamos informa\u00e7\u00e3o contida nos an\u00fancios. A informa\u00e7\u00e3o contida nos an\u00fancios, inclui o seu endere\u00e7o IP (Internet Protocol), o seu ISP (Internet Service Provider, como o Sapo, Clix, ou outro), o browser que utilizou ao visitar o nosso website (como o Internet Explorer ou o Firefox), o tempo da sua visita e que p\u00e1ginas visitou dentro do nosso website.<\/p><p>\u00a0<\/p><p>\u00a0<\/p><p><strong>Os Cookies e Web Beacons<\/strong><br \/>Utilizamos cookies para armazenar informa\u00e7\u00e3o, tais como as suas prefer\u00eancias pessoas quando visita o nosso website. Isto poder\u00e1 incluir um simples popup, ou uma liga\u00e7\u00e3o em v\u00e1rios servi\u00e7os que providenciamos, tais como f\u00f3runs.<\/p><p>\u00a0<\/p><p>\u00a0<\/p><p>Em adi\u00e7\u00e3o tamb\u00e9m utilizamos publicidade de terceiros no nosso website para suportar os custos de manuten\u00e7\u00e3o. Alguns destes publicit\u00e1rios, poder\u00e3o utilizar tecnologias como os cookies e\/ou web beacons quando publicitam no nosso website, o que far\u00e1 com que esses publicit\u00e1rios (como o Google atrav\u00e9s do Google AdSense) tamb\u00e9m recebam a sua informa\u00e7\u00e3o pessoal, como o endere\u00e7o IP, o seu ISP, o seu browser, etc. Esta fun\u00e7\u00e3o \u00e9 geralmente utilizada para geotargeting (mostrar publicidade de Lisboa apenas aos leitores oriundos de Lisboa por ex.) ou apresentar publicidade direcionada a um tipo de utilizador (como mostrar publicidade de restaurante a um utilizador que visita sites de culin\u00e1ria regularmente, por ex.).<\/p><p>\u00a0<\/p><p>\u00a0<\/p><p>Voc\u00ea det\u00e9m o poder de desligar os seus cookies, nas op\u00e7\u00f5es do seu browser, ou efetuando altera\u00e7\u00f5es nas ferramentas de programas Anti-Virus, como o Norton Internet Security. No entanto, isso poder\u00e1 alterar a forma como interage com o nosso website, ou outros websites. Isso poder\u00e1 afetar ou n\u00e3o permitir que fa\u00e7a logins em programas, sites ou f\u00f3runs da nossa e de outras redes.<\/p><p>\u00a0<\/p><p>\u00a0<\/p><p><strong>Liga\u00e7\u00f5es a Sites de terceiros<\/strong><br \/>O Dieta Gostosa: Doces possui liga\u00e7\u00f5es para outros sites, os quais, a nosso ver, podem conter informa\u00e7\u00f5es \/ ferramentas \u00fateis para os nossos visitantes. A nossa pol\u00edtica de privacidade n\u00e3o \u00e9 aplicada a sites de terceiros, pelo que, caso visite outro site a partir do nosso dever\u00e1 ler a pol\u00edtica de privacidade do mesmo.<\/p><p>\u00a0<\/p><p>\u00a0<\/p><p>N\u00e3o nos responsabilizamos pela pol\u00edtica de privacidade ou conte\u00fado presente nesses mesmos sites.<\/p><p>\u00a0<\/p><p>\u00a0<\/p><p style=\"text-align: center;\"><strong>\u00a9Copyright 2019-2021 &#8211; Dieta Gostosa: Doces \u00ae Todos os Direitos<\/strong><\/p><\/div>\n\t\t\t\t<\/div>\n\t\t\t\t<\/div>\n\t\t\t\t\t\t<\/div>\n\t\t\t\t\t<\/div>\n\t\t<\/div>\n\t\t\t\t\t\t\t\t<\/div>\n\t\t\t\t\t<\/div>\n\t\t<\/section>\n\t\t\t\t<section class=\"has_ma_el_bg_slider elementor-section elementor-top-section elementor-element elementor-element-ccaec01 elementor-section-boxed elementor-section-height-default elementor-section-height-default\" data-id=\"ccaec01\" data-element_type=\"section\" data-settings=\"{&quot;background_background&quot;:&quot;classic&quot;}\">\n\t\t\t\t\t\t<div class=\"elementor-container elementor-column-gap-default\">\n\t\t\t\t\t\t\t<div class=\"elementor-row\">\n\t\t\t\t\t<div class=\"has_ma_el_bg_slider elementor-column elementor-col-50 elementor-top-column elementor-element elementor-element-6a2719a\" data-id=\"6a2719a\" data-element_type=\"column\">\n\t\t\t<div class=\"elementor-column-wrap elementor-element-populated\">\n\t\t\t\t\t\t\t<div class=\"elementor-widget-wrap\">\n\t\t\t\t\t\t<div class=\"elementor-element elementor-element-da23788 elementor-invisible elementor-widget elementor-widget-image\" data-id=\"da23788\" data-element_type=\"widget\" data-settings=\"{&quot;_animation&quot;:&quot;zoomInUp&quot;}\" data-widget_type=\"image.default\">\n\t\t\t\t<div class=\"elementor-widget-container\">\n\t\t\t\t\t<div class=\"elementor-image\">\n\t\t\t\t\t\t\t\t\t\t<img width=\"300\" height=\"82\" src=\"https:\/\/dietagostosa.com.br\/a1\/wp-content\/uploads\/2021\/05\/SINEPURE-0-300x82-1.png\" class=\"attachment-large size-large\" alt=\"\" loading=\"lazy\" style=\"width:100%;height:27.33%;max-width:300px;\" \/>\t\t\t\t\t\t\t\t\t\t\t<\/div>\n\t\t\t\t<\/div>\n\t\t\t\t<\/div>\n\t\t\t\t\t\t<\/div>\n\t\t\t\t\t<\/div>\n\t\t<\/div>\n\t\t\t\t<div class=\"has_ma_el_bg_slider elementor-column elementor-col-50 elementor-top-column elementor-element elementor-element-cfb43a3\" data-id=\"cfb43a3\" data-element_type=\"column\">\n\t\t\t<div class=\"elementor-column-wrap elementor-element-populated\">\n\t\t\t\t\t\t\t<div class=\"elementor-widget-wrap\">\n\t\t\t\t\t\t<div data-jltma-wrapper-link=\"{&quot;url&quot;:&quot;https:\\\/\\\/dietagostosa.com.br\\\/a1\\\/index.php\\\/termodeuso\\\/&quot;,&quot;is_external&quot;:&quot;&quot;,&quot;nofollow&quot;:&quot;&quot;,&quot;custom_attributes&quot;:&quot;&quot;}\" style=\"cursor: pointer\" class=\"elementor-element elementor-element-4df9f78 elementor-widget elementor-widget-text-editor\" data-id=\"4df9f78\" data-element_type=\"widget\" data-widget_type=\"text-editor.default\">\n\t\t\t\t<div class=\"elementor-widget-container\">\n\t\t\t\t\t<div class=\"elementor-text-editor elementor-clearfix\"><p>Termos de Uso<\/p><\/div>\n\t\t\t\t<\/div>\n\t\t\t\t<\/div>\n\t\t\t\t<div class=\"elementor-element elementor-element-0ef48e3 elementor-widget elementor-widget-text-editor\" data-id=\"0ef48e3\" data-element_type=\"widget\" data-widget_type=\"text-editor.default\">\n\t\t\t\t<div class=\"elementor-widget-container\">\n\t\t\t\t\t<div class=\"elementor-text-editor elementor-clearfix\"><p>Contato: contato@dietagostosa.com.br<\/p><\/div>\n\t\t\t\t<\/div>\n\t\t\t\t<\/div>\n\t\t\t\t\t\t<\/div>\n\t\t\t\t\t<\/div>\n\t\t<\/div>\n\t\t\t\t\t\t\t\t<\/div>\n\t\t\t\t\t<\/div>\n\t\t<\/section>\n\t\t\t\t\t\t<\/div>\n\t\t\t\t\t\t<\/div>\n\t\t\t\t\t<\/div>\n\t\t","protected":false},"excerpt":{"rendered":"<p>Pol\u00edtica de Privacidade Esta Pol\u00edtica de Privacidade foi formulada com o intuito de manter a privacidade e a seguran\u00e7a das informa\u00e7\u00f5es coletadas de nossos clientes e usu\u00e1rios. \u00a0 \u00a0 Pol\u00edtica de privacidade para Dieta Gostosa: DocesTodas as suas informa\u00e7\u00f5es pessoais recolhidas, ser\u00e3o usadas para o ajudar a tornar a sua visita no nosso site o&hellip; <a class=\"more-link\" href=\"https:\/\/dietagostosa.com.br\/a1\/index.php\/politica-de-privacidade\/\">Continue reading <span class=\"screen-reader-text\">Pol\u00edtica de Privacidade<\/span><\/a><\/p>\n","protected":false},"author":1,"featured_media":0,"parent":0,"menu_order":0,"comment_status":"closed","ping_status":"closed","template":"elementor_canvas","meta":{"om_disable_all_campaigns":false},"_links":{"self":[{"href":"https:\/\/dietagostosa.com.br\/a1\/index.php\/wp-json\/wp\/v2\/pages\/306"}],"collection":[{"href":"https:\/\/dietagostosa.com.br\/a1\/index.php\/wp-json\/wp\/v2\/pages"}],"about":[{"href":"https:\/\/dietagostosa.com.br\/a1\/index.php\/wp-json\/wp\/v2\/types\/page"}],"author":[{"embeddable":true,"href":"https:\/\/dietagostosa.com.br\/a1\/index.php\/wp-json\/wp\/v2\/users\/1"}],"replies":[{"embeddable":true,"href":"https:\/\/dietagostosa.com.br\/a1\/index.php\/wp-json\/wp\/v2\/comments?post=306"}],"version-history":[{"count":13,"href":"https:\/\/dietagostosa.com.br\/a1\/index.php\/wp-json\/wp\/v2\/pages\/306\/revisions"}],"predecessor-version":[{"id":326,"href":"https:\/\/dietagostosa.com.br\/a1\/index.php\/wp-json\/wp\/v2\/pages\/306\/revisions\/326"}],"wp:attachment":[{"href":"https:\/\/dietagostosa.com.br\/a1\/index.php\/wp-json\/wp\/v2\/media?parent=306"}],"curies":[{"name":"wp","href":"https:\/\/api.w.org\/{rel}","templated":true}]}}